{"id":5,"date":"2019-11-26T12:22:54","date_gmt":"2019-11-26T12:22:54","guid":{"rendered":"https:\/\/demosites.io\/blogger-gb\/?page_id=5"},"modified":"2024-07-27T20:01:36","modified_gmt":"2024-07-27T18:01:36","slug":"582c1-blogger-gb-home","status":"publish","type":"page","link":"https:\/\/wdowikprojekt.pl\/hiacynt\/","title":{"rendered":"Home"},"content":{"rendered":"<div id=\"pl-5\"  class=\"panel-layout\" ><div id=\"pg-5-0\"  class=\"panel-grid panel-no-style\" ><div id=\"pgc-5-0-0\"  class=\"panel-grid-cell panel-grid-cell-empty\" ><\/div><\/div><div id=\"pg-5-1\"  class=\"panel-grid panel-has-style\" ><div class=\"siteorigin-panels-stretch panel-row-style panel-row-style-for-5-1\" data-stretch-type=\"full-width-stretch\" ><div id=\"pgc-5-1-0\"  class=\"panel-grid-cell\" ><div id=\"panel-5-1-0-0\" class=\"so-panel widget widget_sow-hero panel-first-child panel-last-child\" data-index=\"0\" ><div\n\t\t\t\n\t\t\tclass=\"so-widget-sow-hero so-widget-sow-hero-default-e37c577d5d5c-5 so-widget-fittext-wrapper\"\n\t\t\t data-fit-text-compressor=\"1.25\"\n\t\t>\t\t\t\t<div class=\"sow-slider-base\" style=\"display: none\" tabindex=\"0\">\n\t\t\t\t\t<ul\n\t\t\t\t\tclass=\"sow-slider-images\"\n\t\t\t\t\tdata-settings=\"{&quot;pagination&quot;:true,&quot;speed&quot;:800,&quot;timeout&quot;:8000,&quot;paused&quot;:false,&quot;pause_on_hover&quot;:false,&quot;swipe&quot;:true,&quot;nav_always_show_desktop&quot;:&quot;&quot;,&quot;nav_always_show_mobile&quot;:&quot;&quot;,&quot;breakpoint&quot;:&quot;780px&quot;,&quot;unmute&quot;:false,&quot;anchor&quot;:null}\"\n\t\t\t\t\tstyle=\"min-height: 720px\"\t\t\t\t\tdata-anchor-id=\"\"\n\t\t\t\t>\t\t<li class=\"sow-slider-image  sow-slider-image-cover\" style=\"visibility: visible;;background-color: #ffffff\" >\n\t\t\t\t\t<div class=\"sow-slider-image-container\">\n\t\t\t<div class=\"sow-slider-image-wrapper\">\n\t\t\t\t<h1 style=\"text-align: center\">RODZINNE OGR\u00d3DKI DZIA\u0141KOWE HIACYNT WE WROC\u0141AWIU<\/h1>\n<p style=\"text-align: center\">\n<\/p><div class=\"sow-hero-buttons\" style=\"text-align: center\"><div\n\t\t\t\n\t\t\tclass=\"so-widget-sow-button so-widget-sow-button-flat-f543b9df43a6\"\n\t\t\t\n\t\t><div class=\"ow-button-base ow-button-align-center\">\n\t<a\n\thref=\"#\"\n\t\tclass=\"ow-icon-placement-left ow-button-hover\" \t>\n\t\t<span>\n\t\t\t\n\t\t\tKONTAKT\t\t<\/span>\n\t<\/a>\n<\/div>\n<\/div><\/div>\n\t\t\t<\/div>\n\t\t<\/div>\n\t\t<div class=\"sow-slider-image-overlay sow-slider-image-cover\" style=\"opacity: 0.99;background-image: url(https:\/\/wdowikprojekt.pl\/hiacynt\/wp-content\/uploads\/2024\/06\/baner.jpg)\"  ><\/div>\t\t<\/li>\n\t\t<\/ul>\t\t\t\t<ol class=\"sow-slider-pagination\">\n\t\t\t\t\t\t\t\t\t\t\t<li><a href=\"#\" data-goto=\"0\" aria-label=\"display slide 1\"><\/a><\/li>\n\t\t\t\t\t\t\t\t\t<\/ol>\n\n\t\t\t\t<div class=\"sow-slide-nav sow-slide-nav-next\">\n\t\t\t\t\t<a href=\"#\" data-goto=\"next\" aria-label=\"next slide\" data-action=\"next\">\n\t\t\t\t\t\t<em class=\"sow-sld-icon-thin-right\"><\/em>\n\t\t\t\t\t<\/a>\n\t\t\t\t<\/div>\n\n\t\t\t\t<div class=\"sow-slide-nav sow-slide-nav-prev\">\n\t\t\t\t\t<a href=\"#\" data-goto=\"previous\" aria-label=\"previous slide\" data-action=\"prev\">\n\t\t\t\t\t\t<em class=\"sow-sld-icon-thin-left\"><\/em>\n\t\t\t\t\t<\/a>\n\t\t\t\t<\/div>\n\t\t\t\t<\/div><\/div><\/div><\/div><\/div><\/div><div id=\"pg-5-2\"  class=\"panel-grid panel-has-style\" ><div class=\"panel-row-style panel-row-style-for-5-2\" ><div id=\"pgc-5-2-0\"  class=\"panel-grid-cell\" ><div id=\"panel-5-2-0-0\" class=\"so-panel widget widget_sow-editor panel-first-child\" data-index=\"1\" ><div\n\t\t\t\n\t\t\tclass=\"so-widget-sow-editor so-widget-sow-editor-base\"\n\t\t\t\n\t\t>\n<div class=\"siteorigin-widget-tinymce textwidget\">\n\t<h3 style=\"text-align: left;\"><a href=\"https:\/\/wdowikprojekt.pl\/hiacynt\/582c1-blogger-gb-news\/\">Najnowsze informacje<\/a><\/h3>\n<\/div>\n<\/div><\/div><div id=\"panel-5-2-0-1\" class=\"so-panel widget widget_lsow-posts-carousel panel-last-child\" data-index=\"2\" ><div\n\t\t\t\n\t\t\tclass=\"so-widget-lsow-posts-carousel so-widget-lsow-posts-carousel-default-3dd089290af6-5\"\n\t\t\t\n\t\t><div id=\"lsow-posts-carousel-69f283c33e7ea\" class=\"lsow-posts-carousel lsow-container\" data-settings='{\"arrows\":true,\"dots\":true,\"autoplay\":true,\"autoplay_speed\":3000,\"animation_speed\":300,\"pause_on_hover\":true,\"display_columns\":2,\"scroll_columns\":2,\"gutter\":10,\"customize\":\"\",\"so_field_container_state\":\"open\",\"tablet_width\":800,\"tablet_display_columns\":2,\"tablet_scroll_columns\":2,\"mobile_width\":480,\"mobile_display_columns\":1,\"mobile_scroll_columns\":1}'><div data-id=\"id-62\" class=\"lsow-posts-carousel-item\"><article id=\"post-62\" class=\"post-62 post type-post status-publish format-standard has-post-thumbnail hentry category-bez-kategorii\"><div class=\"lsow-project-image\"><a href=\"https:\/\/wdowikprojekt.pl\/hiacynt\/ciekawostki-i-mity-dotyczace-upraw\/\" target=\"_self\"><img fetchpriority=\"high\" decoding=\"async\" width=\"1024\" height=\"683\" src=\"https:\/\/wdowikprojekt.pl\/hiacynt\/wp-content\/uploads\/2024\/06\/kelly-neil-pdlC9_bgN9o-unsplash-1-1024x683.jpg\" class=\"attachment-large size-large wp-post-image\" alt=\"\" \/><\/a><div class=\"lsow-image-info\"><div class=\"lsow-entry-info\"><h3 class=\"lsow-post-title\"><a href=\"https:\/\/wdowikprojekt.pl\/hiacynt\/ciekawostki-i-mity-dotyczace-upraw\/\" title=\"Ciekawostki i mity dotycz\u0105ce upraw\" target=\"_self\" rel=\"bookmark\">Ciekawostki i mity dotycz\u0105ce upraw<\/a><\/h3><span class=\"lsow-terms\"><a href=\"https:\/\/wdowikprojekt.pl\/hiacynt\/category\/bez-kategorii\/\">Bez kategorii<\/a><\/span><\/div><\/div><!-- .lsow-image-info --><\/div><div class=\"lsow-entry-text-wrap \"><h3 class=\"entry-title\"><a href=\"https:\/\/wdowikprojekt.pl\/hiacynt\/ciekawostki-i-mity-dotyczace-upraw\/\" title=\"Ciekawostki i mity dotycz\u0105ce upraw\" target=\"_self\" rel=\"bookmark\">Ciekawostki i mity dotycz\u0105ce upraw<\/a><\/h3><div class=\"lsow-entry-meta\"><span class=\"published\"><abbr title=\"sobota, czerwiec, 2024, 6:07 pm\">29\/06\/2024<\/abbr><\/span><span class=\"lsow-terms\"><a href=\"https:\/\/wdowikprojekt.pl\/hiacynt\/category\/bez-kategorii\/\">Bez kategorii<\/a><\/span><\/div><div class=\"lsow-read-more\"><a href=\"https:\/\/wdowikprojekt.pl\/hiacynt\/ciekawostki-i-mity-dotyczace-upraw\/\" target=\"_self\">Czytaj wi\u0119cej<\/a><\/div><\/div><\/article><!-- .hentry --><\/div><!-- .lsow-posts-carousel-item --><div data-id=\"id-58\" class=\"lsow-posts-carousel-item\"><article id=\"post-58\" class=\"post-58 post type-post status-publish format-standard has-post-thumbnail hentry category-bez-kategorii\"><div class=\"lsow-project-image\"><a href=\"https:\/\/wdowikprojekt.pl\/hiacynt\/walka-w-obronie-ustawy-o-rod-tematem-przewodnim-dwudniowej-narady-prezesow-oz\/\" target=\"_self\"><img decoding=\"async\" width=\"1024\" height=\"683\" src=\"https:\/\/wdowikprojekt.pl\/hiacynt\/wp-content\/uploads\/2024\/06\/markus-spiske-IRrUkB8Fq-0-unsplash-1-1024x683.jpg\" class=\"attachment-large size-large wp-post-image\" alt=\"\" \/><\/a><div class=\"lsow-image-info\"><div class=\"lsow-entry-info\"><h3 class=\"lsow-post-title\"><a href=\"https:\/\/wdowikprojekt.pl\/hiacynt\/walka-w-obronie-ustawy-o-rod-tematem-przewodnim-dwudniowej-narady-prezesow-oz\/\" title=\"Walka w obronie ustawy o ROD tematem przewodnim dwudniowej narady Prezes\u00f3w OZ\" target=\"_self\" rel=\"bookmark\">Walka w obronie ustawy o ROD tematem przewodnim dwudniowej narady Prezes\u00f3w OZ<\/a><\/h3><span class=\"lsow-terms\"><a href=\"https:\/\/wdowikprojekt.pl\/hiacynt\/category\/bez-kategorii\/\">Bez kategorii<\/a><\/span><\/div><\/div><!-- .lsow-image-info --><\/div><div class=\"lsow-entry-text-wrap \"><h3 class=\"entry-title\"><a href=\"https:\/\/wdowikprojekt.pl\/hiacynt\/walka-w-obronie-ustawy-o-rod-tematem-przewodnim-dwudniowej-narady-prezesow-oz\/\" title=\"Walka w obronie ustawy o ROD tematem przewodnim dwudniowej narady Prezes\u00f3w OZ\" target=\"_self\" rel=\"bookmark\">Walka w obronie ustawy o ROD tematem przewodnim dwudniowej narady Prezes\u00f3w OZ<\/a><\/h3><div class=\"lsow-entry-meta\"><span class=\"published\"><abbr title=\"sobota, czerwiec, 2024, 5:59 pm\">29\/06\/2024<\/abbr><\/span><span class=\"lsow-terms\"><a href=\"https:\/\/wdowikprojekt.pl\/hiacynt\/category\/bez-kategorii\/\">Bez kategorii<\/a><\/span><\/div><div class=\"lsow-read-more\"><a href=\"https:\/\/wdowikprojekt.pl\/hiacynt\/walka-w-obronie-ustawy-o-rod-tematem-przewodnim-dwudniowej-narady-prezesow-oz\/\" target=\"_self\">Czytaj wi\u0119cej<\/a><\/div><\/div><\/article><!-- .hentry --><\/div><!-- .lsow-posts-carousel-item --><div data-id=\"id-56\" class=\"lsow-posts-carousel-item\"><article id=\"post-56\" class=\"post-56 post type-post status-publish format-standard has-post-thumbnail hentry category-bez-kategorii\"><div class=\"lsow-project-image\"><a href=\"https:\/\/wdowikprojekt.pl\/hiacynt\/komunikat-w-sprawie-szkolen-dla-nowych-dzialkowcow\/\" target=\"_self\"><img decoding=\"async\" width=\"1024\" height=\"682\" src=\"https:\/\/wdowikprojekt.pl\/hiacynt\/wp-content\/uploads\/2024\/06\/ray-hennessy-HlJ7U9WHRR8-unsplash-1-1024x682.jpg\" class=\"attachment-large size-large wp-post-image\" alt=\"\" \/><\/a><div class=\"lsow-image-info\"><div class=\"lsow-entry-info\"><h3 class=\"lsow-post-title\"><a href=\"https:\/\/wdowikprojekt.pl\/hiacynt\/komunikat-w-sprawie-szkolen-dla-nowych-dzialkowcow\/\" title=\"Komunikat w sprawie szkole\u0144 dla nowych dzia\u0142kowc\u00f3w\" target=\"_self\" rel=\"bookmark\">Komunikat w sprawie szkole\u0144 dla nowych dzia\u0142kowc\u00f3w<\/a><\/h3><span class=\"lsow-terms\"><a href=\"https:\/\/wdowikprojekt.pl\/hiacynt\/category\/bez-kategorii\/\">Bez kategorii<\/a><\/span><\/div><\/div><!-- .lsow-image-info --><\/div><div class=\"lsow-entry-text-wrap \"><h3 class=\"entry-title\"><a href=\"https:\/\/wdowikprojekt.pl\/hiacynt\/komunikat-w-sprawie-szkolen-dla-nowych-dzialkowcow\/\" title=\"Komunikat w sprawie szkole\u0144 dla nowych dzia\u0142kowc\u00f3w\" target=\"_self\" rel=\"bookmark\">Komunikat w sprawie szkole\u0144 dla nowych dzia\u0142kowc\u00f3w<\/a><\/h3><div class=\"lsow-entry-meta\"><span class=\"published\"><abbr title=\"sobota, czerwiec, 2024, 5:58 pm\">29\/06\/2024<\/abbr><\/span><span class=\"lsow-terms\"><a href=\"https:\/\/wdowikprojekt.pl\/hiacynt\/category\/bez-kategorii\/\">Bez kategorii<\/a><\/span><\/div><div class=\"lsow-read-more\"><a href=\"https:\/\/wdowikprojekt.pl\/hiacynt\/komunikat-w-sprawie-szkolen-dla-nowych-dzialkowcow\/\" target=\"_self\">Czytaj wi\u0119cej<\/a><\/div><\/div><\/article><!-- .hentry --><\/div><!-- .lsow-posts-carousel-item --><div data-id=\"id-1\" class=\"lsow-posts-carousel-item\"><article id=\"post-1\" class=\"post-1 post type-post status-publish format-standard has-post-thumbnail hentry category-bez-kategorii\"><div class=\"lsow-project-image\"><a href=\"https:\/\/wdowikprojekt.pl\/hiacynt\/witaj-swiecie\/\" target=\"_self\"><img loading=\"lazy\" decoding=\"async\" width=\"1024\" height=\"683\" src=\"https:\/\/wdowikprojekt.pl\/hiacynt\/wp-content\/uploads\/2024\/06\/markus-spiske-nJtmd4ANdR4-unsplash-1-1024x683.jpg\" class=\"attachment-large size-large wp-post-image\" alt=\"\" \/><\/a><div class=\"lsow-image-info\"><div class=\"lsow-entry-info\"><h3 class=\"lsow-post-title\"><a href=\"https:\/\/wdowikprojekt.pl\/hiacynt\/witaj-swiecie\/\" title=\"Apel do dzia\u0142kowc\u00f3w o masowy udzia\u0142 w obronie swoich praw i ogrod\u00f3w rodzinnych\" target=\"_self\" rel=\"bookmark\">Apel do dzia\u0142kowc\u00f3w o masowy udzia\u0142 w obronie swoich praw i ogrod\u00f3w rodzinnych<\/a><\/h3><span class=\"lsow-terms\"><a href=\"https:\/\/wdowikprojekt.pl\/hiacynt\/category\/bez-kategorii\/\">Bez kategorii<\/a><\/span><\/div><\/div><!-- .lsow-image-info --><\/div><div class=\"lsow-entry-text-wrap \"><h3 class=\"entry-title\"><a href=\"https:\/\/wdowikprojekt.pl\/hiacynt\/witaj-swiecie\/\" title=\"Apel do dzia\u0142kowc\u00f3w o masowy udzia\u0142 w obronie swoich praw i ogrod\u00f3w rodzinnych\" target=\"_self\" rel=\"bookmark\">Apel do dzia\u0142kowc\u00f3w o masowy udzia\u0142 w obronie swoich praw i ogrod\u00f3w rodzinnych<\/a><\/h3><div class=\"lsow-entry-meta\"><span class=\"published\"><abbr title=\"sobota, czerwiec, 2024, 12:15 am\">29\/06\/2024<\/abbr><\/span><span class=\"lsow-terms\"><a href=\"https:\/\/wdowikprojekt.pl\/hiacynt\/category\/bez-kategorii\/\">Bez kategorii<\/a><\/span><\/div><div class=\"lsow-read-more\"><a href=\"https:\/\/wdowikprojekt.pl\/hiacynt\/witaj-swiecie\/\" target=\"_self\">Czytaj wi\u0119cej<\/a><\/div><\/div><\/article><!-- .hentry --><\/div><!-- .lsow-posts-carousel-item --><\/div><!-- .lsow-posts-carousel --><\/div><\/div><\/div><\/div><\/div><div id=\"pg-5-3\"  class=\"panel-grid panel-no-style\" ><div id=\"pgc-5-3-0\"  class=\"panel-grid-cell panel-grid-cell-empty\" ><\/div><\/div><div id=\"pg-5-4\"  class=\"panel-grid panel-has-style\" ><div class=\"siteorigin-panels-stretch panel-row-style panel-row-style-for-5-4\" data-stretch-type=\"full\" ><div id=\"pgc-5-4-0\"  class=\"panel-grid-cell\" ><div id=\"panel-5-4-0-0\" class=\"so-panel widget widget_sow-headline panel-first-child\" data-index=\"3\" ><div\n\t\t\t\n\t\t\tclass=\"so-widget-sow-headline so-widget-sow-headline-default-21db6809ee0e-1\"\n\t\t\t\n\t\t><div class=\"sow-headline-container \">\n\t\t\t\t\t\t\t<h3 class=\"sow-headline\">\n\t\t\t\t\t\tZOSTA\u0143 BOHATEREM W SWOIM OGRODZIE!\t\t\t\t\t\t<\/h3>\n\t\t\t\t\t\t\t\t\t\t\t\t<h4 class=\"sow-sub-headline\">\n\t\t\t\t\t\tZapraszamy Pa\u0144stwa do zapoznania si\u0119 z list\u0105 wolnych dzia\u0142ek. Nowy ogr\u00f3dek dzia\u0142kowy zapewne b\u0119dzie wymaga\u0142 wk\u0142adu pracy w\u0142asnej, ale spot\u0119guje to jeszcze bardziej satysfakcj\u0119 z jego u\u017cytkowania.\t\t\t\t\t\t<\/h4>\n\t\t\t\t\t\t<\/div>\n<\/div><\/div><div id=\"panel-5-4-0-1\" class=\"so-panel widget widget_sow-button panel-last-child\" data-index=\"4\" ><div\n\t\t\t\n\t\t\tclass=\"so-widget-sow-button so-widget-sow-button-wire-f45234cf4105-1\"\n\t\t\t\n\t\t><div class=\"ow-button-base ow-button-align-left\">\n\t<a\n\thref=\"#\"\n\t\tclass=\"ow-icon-placement-left ow-button-hover\" \t>\n\t\t<span>\n\t\t\t\n\t\t\tZobacz wolne dzia\u0142ki\t\t<\/span>\n\t<\/a>\n<\/div>\n<\/div><\/div><\/div><div id=\"pgc-5-4-1\"  class=\"panel-grid-cell\" ><div id=\"panel-5-4-1-0\" class=\"so-panel widget widget_sow-image panel-first-child panel-last-child\" data-index=\"5\" ><div\n\t\t\t\n\t\t\tclass=\"so-widget-sow-image so-widget-sow-image-default-b4513c7b55bb-1\"\n\t\t\t\n\t\t>\n\n<div class=\"sow-image-container\">\n\t\t<img loading=\"lazy\" decoding=\"async\" src=\"https:\/\/wdowikprojekt.pl\/hiacynt\/wp-content\/uploads\/2024\/07\/flowers-1108813_1280-930x620.jpg\" width=\"930\" height=\"620\" sizes=\"(max-width: 930px) 100vw, 930px\" alt=\"\" \t\tclass=\"so-widget-image\"\/>\n\t<\/div>\n\n<\/div><\/div><\/div><\/div><\/div><div id=\"pg-5-5\"  class=\"panel-grid panel-has-style\" ><div class=\"siteorigin-panels-stretch panel-row-style panel-row-style-for-5-5\" data-stretch-type=\"full\" ><div id=\"pgc-5-5-0\"  class=\"panel-grid-cell\" ><div id=\"panel-5-5-0-0\" class=\"so-panel widget widget_sow-image panel-first-child panel-last-child\" data-index=\"6\" ><div\n\t\t\t\n\t\t\tclass=\"so-widget-sow-image so-widget-sow-image-default-15be6fc1a39e-1\"\n\t\t\t\n\t\t>\n\n<div class=\"sow-image-container\">\n\t\t<img loading=\"lazy\" decoding=\"async\" src=\"https:\/\/wdowikprojekt.pl\/hiacynt\/wp-content\/uploads\/2024\/06\/markus-spiske-4yK8iDaWnm8-unsplash-1.jpg\" width=\"1920\" height=\"1280\" sizes=\"(max-width: 1920px) 100vw, 1920px\" title=\"markus-spiske-4yK8iDaWnm8-unsplash (1)\" alt=\"\" \t\tclass=\"so-widget-image\"\/>\n\t<\/div>\n\n<\/div><\/div><\/div><div id=\"pgc-5-5-1\"  class=\"panel-grid-cell\" ><div id=\"panel-5-5-1-0\" class=\"so-panel widget widget_sow-headline panel-first-child\" data-index=\"7\" ><div\n\t\t\t\n\t\t\tclass=\"so-widget-sow-headline so-widget-sow-headline-default-5c135c7773cb-1\"\n\t\t\t\n\t\t><div class=\"sow-headline-container \">\n\t\t\t\t\t\t\t<h3 class=\"sow-headline\">\n\t\t\t\t\t\tO nas\t\t\t\t\t\t<\/h3>\n\t\t\t\t\t\t\t\t\t\t\t\t<h4 class=\"sow-sub-headline\">\n\t\t\t\t\t\tZar\u00f3wno dzia\u0142ka rekreacyjna, jak i ogr\u00f3dek dzia\u0142kowy w ramach Rodzinnych Ogr\u00f3dk\u00f3w Dzia\u0142kowych (ROD) s\u0105 nabywane w celach wypoczynkowych i rekreacyjnych. Mi\u0119dzy tymi typami dzia\u0142ek s\u0105 te\u017c jednak istotne r\u00f3\u017cnice.\t\t\t\t\t\t<\/h4>\n\t\t\t\t\t\t<\/div>\n<\/div><\/div><div id=\"panel-5-5-1-1\" class=\"so-panel widget widget_sow-button panel-last-child\" data-index=\"8\" ><div\n\t\t\t\n\t\t\tclass=\"so-widget-sow-button so-widget-sow-button-wire-d08faf02848e-1\"\n\t\t\t\n\t\t><div class=\"ow-button-base ow-button-align-right\">\n\t<a\n\thref=\"#\"\n\t\tclass=\"ow-icon-placement-top ow-button-hover\" \t>\n\t\t<span>\n\t\t\t\n\t\t\tCzytaj wi\u0119cej\t\t<\/span>\n\t<\/a>\n<\/div>\n<\/div><\/div><\/div><\/div><\/div><\/div>","protected":false},"excerpt":{"rendered":"<p>Najnowsze informacje<\/p>\n","protected":false},"author":1,"featured_media":0,"parent":0,"menu_order":0,"comment_status":"closed","ping_status":"closed","template":"","meta":{"neve_meta_sidebar":"full-width","neve_meta_container":"","neve_meta_enable_content_width":"on","neve_meta_content_width":100,"neve_meta_title_alignment":"","neve_meta_author_avatar":"","neve_post_elements_order":"","neve_meta_disable_header":"","neve_meta_disable_footer":"","neve_meta_disable_title":"on","_themeisle_gutenberg_block_has_review":false,"_ti_tpc_template_sync":false,"_ti_tpc_template_id":"2esgfkx943akp7iqac7c","footnotes":""},"class_list":["post-5","page","type-page","status-publish","hentry"],"rttpg_featured_image_url":null,"rttpg_author":{"display_name":"Admin_ROD_Hiacynt","author_link":"https:\/\/wdowikprojekt.pl\/hiacynt\/author\/admin_rod_hiacynt\/"},"rttpg_comment":0,"rttpg_category":"","rttpg_excerpt":"Najnowsze informacje","_links":{"self":[{"href":"https:\/\/wdowikprojekt.pl\/hiacynt\/wp-json\/wp\/v2\/pages\/5","targetHints":{"allow":["GET"]}}],"collection":[{"href":"https:\/\/wdowikprojekt.pl\/hiacynt\/wp-json\/wp\/v2\/pages"}],"about":[{"href":"https:\/\/wdowikprojekt.pl\/hiacynt\/wp-json\/wp\/v2\/types\/page"}],"author":[{"embeddable":true,"href":"https:\/\/wdowikprojekt.pl\/hiacynt\/wp-json\/wp\/v2\/users\/1"}],"replies":[{"embeddable":true,"href":"https:\/\/wdowikprojekt.pl\/hiacynt\/wp-json\/wp\/v2\/comments?post=5"}],"version-history":[{"count":134,"href":"https:\/\/wdowikprojekt.pl\/hiacynt\/wp-json\/wp\/v2\/pages\/5\/revisions"}],"predecessor-version":[{"id":375,"href":"https:\/\/wdowikprojekt.pl\/hiacynt\/wp-json\/wp\/v2\/pages\/5\/revisions\/375"}],"wp:attachment":[{"href":"https:\/\/wdowikprojekt.pl\/hiacynt\/wp-json\/wp\/v2\/media?parent=5"}],"curies":[{"name":"wp","href":"https:\/\/api.w.org\/{rel}","templated":true}]}}