{"id":136,"date":"2024-07-01T08:54:52","date_gmt":"2024-07-01T06:54:52","guid":{"rendered":"https:\/\/wdowikprojekt.pl\/hiacynt\/?page_id=136"},"modified":"2024-07-27T19:00:03","modified_gmt":"2024-07-27T17:00:03","slug":"kontakt","status":"publish","type":"page","link":"https:\/\/wdowikprojekt.pl\/hiacynt\/kontakt\/","title":{"rendered":"Kontakt"},"content":{"rendered":"<div id=\"pl-136\"  class=\"panel-layout\" ><div id=\"pg-136-0\"  class=\"panel-grid panel-no-style\" ><div id=\"pgc-136-0-0\"  class=\"panel-grid-cell panel-grid-cell-empty\" ><\/div><\/div><div id=\"pg-136-1\"  class=\"panel-grid panel-no-style\" ><div id=\"pgc-136-1-0\"  class=\"panel-grid-cell\" ><div id=\"panel-136-1-0-0\" class=\"so-panel widget widget_sow-headline panel-first-child\" data-index=\"0\" ><div\n\t\t\t\n\t\t\tclass=\"so-widget-sow-headline so-widget-sow-headline-default-939ebdcbc972-136 so-widget-fittext-wrapper\"\n\t\t\t data-fit-text-compressor=\"0.85\"\n\t\t><div class=\"sow-headline-container \">\n\t\t\t\t\t\t\t<h3 class=\"sow-headline\">\n\t\t\t\t\t\tSkontaktuj si\u0119 z nami\t\t\t\t\t\t<\/h3>\n\t\t\t\t\t\t\t\t\t\t\t\t<h3 class=\"sow-sub-headline\">\n\t\t\t\t\t\tOdpowiemy na ka\u017cde pytanie.\t\t\t\t\t\t<\/h3>\n\t\t\t\t\t\t<\/div>\n<\/div><\/div><div id=\"panel-136-1-0-1\" class=\"so-panel widget widget_sow-contact-form panel-last-child\" data-index=\"1\" ><div class=\"panel-widget-style panel-widget-style-for-136-1-0-1\" ><div\n\t\t\t\n\t\t\tclass=\"so-widget-sow-contact-form so-widget-sow-contact-form-default-12e0d91650cd-136\"\n\t\t\t\n\t\t>\t<form\n\t\taction=\"\/hiacynt\/wp-json\/wp\/v2\/pages\/136\"\n\t\tmethod=\"POST\"\n\t\tclass=\"sow-contact-form\"\n\t\tid=\"contact-form-4a61\"\n\t>\n\n\t\t\n\t\t\t\t\t<div class=\"sow-form-field sow-form-field-name\">\n\t\t\t\t<label class=\"sow-form-field-label-above\" for=\"sow-contact-form-field-imie-i-nazwisko-562e687f3231b\">\n\t\t\t\t<strong>\n\t\t\t\t\tImi\u0119 i nazwisko\t\t\t\t\t\t\t\t\t<\/strong>\n\t\t\t<\/label>\n\t\t\t\t\t\t\t<span class=\"sow-field-container\">\n\t\t\t\t\t\t\t<input\n\t\t\ttype=\"text\"\n\t\t\tname=\"imie-i-nazwisko-562e687f3231b\"\n\t\t\tid=\"sow-contact-form-field-imie-i-nazwisko-562e687f3231b\"\n\t\t\tvalue=\"\"\n\t\t\tclass=\"sow-text-field\"\n\t\t\t\t\t\/>\n\t\t\t\t\t\t<\/span>\n\t\t\t\t\t\t\t<\/div>\n\t\t\t\t\t\t<div class=\"sow-form-field sow-form-field-email\">\n\t\t\t\t<label class=\"sow-form-field-label-above\" for=\"sow-contact-form-field-adres-e-mail-562e687f3231b\">\n\t\t\t\t<strong>\n\t\t\t\t\tAdres e-mail\t\t\t\t\t\t\t\t\t<\/strong>\n\t\t\t<\/label>\n\t\t\t\t\t\t\t<span class=\"sow-field-container\">\n\t\t\t\t\t\t\t<input\n\t\t\ttype=\"email\"\n\t\t\tname=\"adres-e-mail-562e687f3231b\"\n\t\t\tid=\"sow-contact-form-field-adres-e-mail-562e687f3231b\"\n\t\t\tvalue=\"\"\n\t\t\tclass=\"sow-text-field\"\t\t\t\t\t\t\t\t\/>\n\t\t\t\t\t\t<\/span>\n\t\t\t\t\t\t\t<\/div>\n\t\t\t\t\t\t<div class=\"sow-form-field sow-form-field-subject\">\n\t\t\t\t<label class=\"sow-form-field-label-above\" for=\"sow-contact-form-field-temat-562e687f3231b\">\n\t\t\t\t<strong>\n\t\t\t\t\tTemat\t\t\t\t\t\t\t\t\t<\/strong>\n\t\t\t<\/label>\n\t\t\t\t\t\t\t<span class=\"sow-field-container\">\n\t\t\t\t\t\t\t<input\n\t\t\ttype=\"text\"\n\t\t\tname=\"temat-562e687f3231b\"\n\t\t\tid=\"sow-contact-form-field-temat-562e687f3231b\"\n\t\t\tvalue=\"\"\n\t\t\tclass=\"sow-text-field\"\n\t\t\t\t\t\t\t\t\/>\n\t\t\t\t\t\t<\/span>\n\t\t\t\t\t\t\t<\/div>\n\t\t\t\t\t\t<div class=\"sow-form-field sow-form-field-textarea\">\n\t\t\t\t<label class=\"sow-form-field-label-above\" for=\"sow-contact-form-field-tresc-wiadomosci-562e687f3231b\">\n\t\t\t\t<strong>\n\t\t\t\t\tTre\u015b\u0107 wiadomo\u015bci\t\t\t\t\t\t\t\t\t<\/strong>\n\t\t\t<\/label>\n\t\t\t\t\t\t\t<span class=\"sow-field-container\">\n\t\t\t\t\t\t\t<textarea\n\t\t\tname=\"tresc-wiadomosci-562e687f3231b\"\n\t\t\tid=\"sow-contact-form-field-tresc-wiadomosci-562e687f3231b\"\n\t\t\trows=\"10\"\n\t\t\t\t\t\t\t\t><\/textarea>\n\t\t\t\t\t\t<\/span>\n\t\t\t\t\t\t\t<\/div>\n\t\t\t\n\t\t\n\t\t<div class=\"sow-submit-wrapper sow-submit-styled\">\n\n\t\t\t<button\n\t\t\t\ttype=\"submit\"\n\t\t\t\tclass=\"sow-submit\"\n\t\t\t\t\t\t\t>\n\t\t\t\tWy\u015blij wiadomo\u015b\u0107\t\t\t<\/button>\n\t\t<\/div>\n\t\t\t\t<input type=\"hidden\" name=\"instance_hash\" value=\"4a619a06e57f5b67ec4a646441e04f45\" \/>\n\t\t<input type=\"hidden\" id=\"_wpnonce\" name=\"_wpnonce\" value=\"fa3545dfdb\" \/><input type=\"hidden\" name=\"_wp_http_referer\" value=\"\/hiacynt\/wp-json\/wp\/v2\/pages\/136\" \/>\t<\/form>\n\t<\/div><\/div><\/div><\/div><\/div><div id=\"pg-136-2\"  class=\"panel-grid panel-has-style\" ><div class=\"so-parallax siteorigin-panels-stretch panel-row-style panel-row-style-for-136-2\" data-stretch-type=\"full\" ><img fetchpriority=\"high\" decoding=\"async\" width=\"1707\" height=\"2560\" src=\"https:\/\/wdowikprojekt.pl\/hiacynt\/wp-content\/uploads\/2024\/07\/annie-spratt-j8xUK4ijoj0-unsplash-1-scaled.jpg\" class=\"attachment-full size-full\" alt=\"\" data-siteorigin-parallax=\"true\" loading=\"eager\" \/><div id=\"pgc-136-2-0\"  class=\"panel-grid-cell\" ><div id=\"panel-136-2-0-0\" class=\"so-panel widget widget_sow-headline panel-first-child\" data-index=\"2\" ><div\n\t\t\t\n\t\t\tclass=\"so-widget-sow-headline so-widget-sow-headline-default-a50f305f06a5-136 so-widget-fittext-wrapper\"\n\t\t\t data-fit-text-compressor=\"0.85\"\n\t\t><div class=\"sow-headline-container \">\n\t\t\t\t\t\t\t<h2 class=\"sow-headline\">\n\t\t\t\t\t\tZosta\u0144 bohaterem w swoim ogrodzie!\t\t\t\t\t\t<\/h2>\n\t\t\t\t\t\t\t\t\t\t\t\t<h3 class=\"sow-sub-headline\">\n\t\t\t\t\t\tZapraszamy Pa\u0144stwa do zapoznania si\u0119 z list\u0105 wolnych dzia\u0142ek. Nowy ogr\u00f3dek dzia\u0142kowy zapewne b\u0119dzie wymaga\u0142 wk\u0142adu pracy w\u0142asnej, ale spot\u0119guje to jeszcze bardziej satysfakcj\u0119 z jego u\u017cytkowania.\t\t\t\t\t\t<\/h3>\n\t\t\t\t\t\t<\/div>\n<\/div><\/div><div id=\"panel-136-2-0-1\" class=\"so-panel widget widget_sow-button panel-last-child\" data-index=\"3\" ><div\n\t\t\t\n\t\t\tclass=\"so-widget-sow-button so-widget-sow-button-flat-ada7fb2e8cdf-136\"\n\t\t\t\n\t\t><div class=\"ow-button-base ow-button-align-center\">\n\t<a\n\thref=\"#\"\n\t\tclass=\"ow-icon-placement-left ow-button-hover\" \t>\n\t\t<span>\n\t\t\t\n\t\t\tZobacz wolne dzia\u0142ki\t\t<\/span>\n\t<\/a>\n<\/div>\n<\/div><\/div><\/div><\/div><\/div><\/div>","protected":false},"excerpt":{"rendered":"<p>Skontaktuj si\u0119 z nami Odpowiemy na ka\u017cde pytanie. Imi\u0119 i nazwisko Adres e-mail Temat Tre\u015b\u0107 wiadomo\u015bci Wy\u015blij wiadomo\u015b\u0107 Zosta\u0144 bohaterem w swoim ogrodzie! Zapraszamy Pa\u0144stwa do zapoznania si\u0119 z list\u0105 wolnych dzia\u0142ek. Nowy ogr\u00f3dek dzia\u0142kowy zapewne b\u0119dzie wymaga\u0142 wk\u0142adu pracy w\u0142asnej, ale spot\u0119guje to jeszcze bardziej satysfakcj\u0119 z jego u\u017cytkowania. Zobacz wolne dzia\u0142ki<\/p>\n","protected":false},"author":1,"featured_media":139,"parent":0,"menu_order":0,"comment_status":"closed","ping_status":"closed","template":"","meta":{"neve_meta_sidebar":"","neve_meta_container":"","neve_meta_enable_content_width":"off","neve_meta_content_width":100,"neve_meta_title_alignment":"","neve_meta_author_avatar":"","neve_post_elements_order":"","neve_meta_disable_header":"","neve_meta_disable_footer":"","neve_meta_disable_title":"","_themeisle_gutenberg_block_has_review":false,"_ti_tpc_template_sync":false,"_ti_tpc_template_id":"","footnotes":""},"class_list":["post-136","page","type-page","status-publish","has-post-thumbnail","hentry"],"rttpg_featured_image_url":{"full":["https:\/\/wdowikprojekt.pl\/hiacynt\/wp-content\/uploads\/2024\/07\/markus-spiske-nJtmd4ANdR4-unsplash-1.jpg",1920,1280,false],"landscape":["https:\/\/wdowikprojekt.pl\/hiacynt\/wp-content\/uploads\/2024\/07\/markus-spiske-nJtmd4ANdR4-unsplash-1.jpg",1920,1280,false],"portraits":["https:\/\/wdowikprojekt.pl\/hiacynt\/wp-content\/uploads\/2024\/07\/markus-spiske-nJtmd4ANdR4-unsplash-1.jpg",1920,1280,false],"thumbnail":["https:\/\/wdowikprojekt.pl\/hiacynt\/wp-content\/uploads\/2024\/07\/markus-spiske-nJtmd4ANdR4-unsplash-1-150x150.jpg",150,150,true],"medium":["https:\/\/wdowikprojekt.pl\/hiacynt\/wp-content\/uploads\/2024\/07\/markus-spiske-nJtmd4ANdR4-unsplash-1-300x200.jpg",300,200,true],"large":["https:\/\/wdowikprojekt.pl\/hiacynt\/wp-content\/uploads\/2024\/07\/markus-spiske-nJtmd4ANdR4-unsplash-1-1024x683.jpg",1024,683,true],"1536x1536":["https:\/\/wdowikprojekt.pl\/hiacynt\/wp-content\/uploads\/2024\/07\/markus-spiske-nJtmd4ANdR4-unsplash-1-1536x1024.jpg",1536,1024,true],"2048x2048":["https:\/\/wdowikprojekt.pl\/hiacynt\/wp-content\/uploads\/2024\/07\/markus-spiske-nJtmd4ANdR4-unsplash-1.jpg",1920,1280,false],"ultp_layout_landscape_large":["https:\/\/wdowikprojekt.pl\/hiacynt\/wp-content\/uploads\/2024\/07\/markus-spiske-nJtmd4ANdR4-unsplash-1.jpg",1200,800,false],"ultp_layout_landscape":["https:\/\/wdowikprojekt.pl\/hiacynt\/wp-content\/uploads\/2024\/07\/markus-spiske-nJtmd4ANdR4-unsplash-1.jpg",855,570,false],"ultp_layout_portrait":["https:\/\/wdowikprojekt.pl\/hiacynt\/wp-content\/uploads\/2024\/07\/markus-spiske-nJtmd4ANdR4-unsplash-1.jpg",600,400,false],"ultp_layout_square":["https:\/\/wdowikprojekt.pl\/hiacynt\/wp-content\/uploads\/2024\/07\/markus-spiske-nJtmd4ANdR4-unsplash-1.jpg",600,400,false],"neve-blog":["https:\/\/wdowikprojekt.pl\/hiacynt\/wp-content\/uploads\/2024\/07\/markus-spiske-nJtmd4ANdR4-unsplash-1.jpg",930,620,false],"sow-carousel-default":["https:\/\/wdowikprojekt.pl\/hiacynt\/wp-content\/uploads\/2024\/07\/markus-spiske-nJtmd4ANdR4-unsplash-1-272x182.jpg",272,182,true]},"rttpg_author":{"display_name":"Admin_ROD_Hiacynt","author_link":"https:\/\/wdowikprojekt.pl\/hiacynt\/author\/admin_rod_hiacynt\/"},"rttpg_comment":0,"rttpg_category":null,"rttpg_excerpt":"Skontaktuj si\u0119 z nami Odpowiemy na ka\u017cde pytanie. Imi\u0119 i nazwisko Adres e-mail Temat Tre\u015b\u0107 wiadomo\u015bci Wy\u015blij wiadomo\u015b\u0107 Zosta\u0144 bohaterem w swoim ogrodzie! Zapraszamy Pa\u0144stwa do zapoznania si\u0119 z list\u0105 wolnych dzia\u0142ek. Nowy ogr\u00f3dek dzia\u0142kowy zapewne b\u0119dzie wymaga\u0142 wk\u0142adu pracy w\u0142asnej, ale spot\u0119guje to jeszcze bardziej satysfakcj\u0119 z jego u\u017cytkowania. Zobacz wolne dzia\u0142ki","_links":{"self":[{"href":"https:\/\/wdowikprojekt.pl\/hiacynt\/wp-json\/wp\/v2\/pages\/136","targetHints":{"allow":["GET"]}}],"collection":[{"href":"https:\/\/wdowikprojekt.pl\/hiacynt\/wp-json\/wp\/v2\/pages"}],"about":[{"href":"https:\/\/wdowikprojekt.pl\/hiacynt\/wp-json\/wp\/v2\/types\/page"}],"author":[{"embeddable":true,"href":"https:\/\/wdowikprojekt.pl\/hiacynt\/wp-json\/wp\/v2\/users\/1"}],"replies":[{"embeddable":true,"href":"https:\/\/wdowikprojekt.pl\/hiacynt\/wp-json\/wp\/v2\/comments?post=136"}],"version-history":[{"count":25,"href":"https:\/\/wdowikprojekt.pl\/hiacynt\/wp-json\/wp\/v2\/pages\/136\/revisions"}],"predecessor-version":[{"id":141,"href":"https:\/\/wdowikprojekt.pl\/hiacynt\/wp-json\/wp\/v2\/pages\/136\/revisions\/141"}],"wp:featuredmedia":[{"embeddable":true,"href":"https:\/\/wdowikprojekt.pl\/hiacynt\/wp-json\/wp\/v2\/media\/139"}],"wp:attachment":[{"href":"https:\/\/wdowikprojekt.pl\/hiacynt\/wp-json\/wp\/v2\/media?parent=136"}],"curies":[{"name":"wp","href":"https:\/\/api.w.org\/{rel}","templated":true}]}}